{"id":22894,"date":"2016-09-05T10:56:21","date_gmt":"2016-09-05T08:56:21","guid":{"rendered":"https:\/\/lesconfidents.com\/the-founders\/"},"modified":"2016-09-05T10:56:21","modified_gmt":"2016-09-05T08:56:21","slug":"the-founders","status":"publish","type":"page","link":"https:\/\/lesconfidents.com\/en\/the-founders\/","title":{"rendered":"The founders"},"content":{"rendered":"","protected":false},"excerpt":{"rendered":"","protected":false},"author":3,"featured_media":0,"parent":0,"menu_order":0,"comment_status":"closed","ping_status":"closed","template":"","meta":{"_et_pb_use_builder":"","_et_pb_old_content":"","_et_gb_content_width":"","om_disable_all_campaigns":false,"footnotes":""},"class_list":["post-22894","page","type-page","status-publish","hentry"],"yoast_head":"<!-- This site is optimized with the Yoast SEO plugin v24.9 - https:\/\/yoast.com\/wordpress\/plugins\/seo\/ -->\n<title>Agn\u00e8s Colmet Da\u00e2ge and Fran\u00e7oise By\u00e9 are the founders of the Confidents<\/title>\n<meta name=\"description\" content=\"Agn\u00e8s Colmet Da\u00e2ge and Fran\u00e7oise By\u00e9 are the founders of Confidents, which promotes exceptional know-how to architects\" \/>\n<meta name=\"robots\" content=\"index, follow, max-snippet:-1, max-image-preview:large, max-video-preview:-1\" \/>\n<link rel=\"canonical\" href=\"https:\/\/lesconfidents.com\/en\/the-founders\/\" \/>\n<meta property=\"og:locale\" content=\"en_US\" \/>\n<meta property=\"og:type\" content=\"article\" \/>\n<meta property=\"og:title\" content=\"Agn\u00e8s Colmet Da\u00e2ge and Fran\u00e7oise By\u00e9 are the founders of the Confidents\" \/>\n<meta property=\"og:description\" content=\"Agn\u00e8s Colmet Da\u00e2ge and Fran\u00e7oise By\u00e9 are the founders of Confidents, which promotes exceptional know-how to architects\" \/>\n<meta property=\"og:url\" content=\"https:\/\/lesconfidents.com\/en\/the-founders\/\" \/>\n<meta property=\"og:site_name\" content=\"Les Confidents\" \/>\n<meta name=\"twitter:card\" content=\"summary_large_image\" \/>\n<script type=\"application\/ld+json\" class=\"yoast-schema-graph\">{\"@context\":\"https:\/\/schema.org\",\"@graph\":[{\"@type\":\"WebPage\",\"@id\":\"https:\/\/lesconfidents.com\/en\/the-founders\/\",\"url\":\"https:\/\/lesconfidents.com\/en\/the-founders\/\",\"name\":\"Agn\u00e8s Colmet Da\u00e2ge and Fran\u00e7oise By\u00e9 are the founders of the Confidents\",\"isPartOf\":{\"@id\":\"https:\/\/lesconfidents.com\/fr\/les-confidents-materiaux-exclusifs-et-savoir-faire-dexception-pour-les-architectes-dinterieur\/#website\"},\"datePublished\":\"2016-09-05T08:56:21+00:00\",\"description\":\"Agn\u00e8s Colmet Da\u00e2ge and Fran\u00e7oise By\u00e9 are the founders of Confidents, which promotes exceptional know-how to architects\",\"breadcrumb\":{\"@id\":\"https:\/\/lesconfidents.com\/en\/the-founders\/#breadcrumb\"},\"inLanguage\":\"en-US\",\"potentialAction\":[{\"@type\":\"ReadAction\",\"target\":[\"https:\/\/lesconfidents.com\/en\/the-founders\/\"]}]},{\"@type\":\"BreadcrumbList\",\"@id\":\"https:\/\/lesconfidents.com\/en\/the-founders\/#breadcrumb\",\"itemListElement\":[{\"@type\":\"ListItem\",\"position\":1,\"name\":\"Home\",\"item\":\"https:\/\/lesconfidents.com\/\"},{\"@type\":\"ListItem\",\"position\":2,\"name\":\"The founders\"}]},{\"@type\":\"WebSite\",\"@id\":\"https:\/\/lesconfidents.com\/fr\/les-confidents-materiaux-exclusifs-et-savoir-faire-dexception-pour-les-architectes-dinterieur\/#website\",\"url\":\"https:\/\/lesconfidents.com\/fr\/les-confidents-materiaux-exclusifs-et-savoir-faire-dexception-pour-les-architectes-dinterieur\/\",\"name\":\"Les Confidents\",\"description\":\"Connecting you with the finest materials and beyond\",\"potentialAction\":[{\"@type\":\"SearchAction\",\"target\":{\"@type\":\"EntryPoint\",\"urlTemplate\":\"https:\/\/lesconfidents.com\/fr\/les-confidents-materiaux-exclusifs-et-savoir-faire-dexception-pour-les-architectes-dinterieur\/?s={search_term_string}\"},\"query-input\":{\"@type\":\"PropertyValueSpecification\",\"valueRequired\":true,\"valueName\":\"search_term_string\"}}],\"inLanguage\":\"en-US\"}]}<\/script>\n<!-- \/ Yoast SEO plugin. -->","yoast_head_json":{"title":"Agn\u00e8s Colmet Da\u00e2ge and Fran\u00e7oise By\u00e9 are the founders of the Confidents","description":"Agn\u00e8s Colmet Da\u00e2ge and Fran\u00e7oise By\u00e9 are the founders of Confidents, which promotes exceptional know-how to architects","robots":{"index":"index","follow":"follow","max-snippet":"max-snippet:-1","max-image-preview":"max-image-preview:large","max-video-preview":"max-video-preview:-1"},"canonical":"https:\/\/lesconfidents.com\/en\/the-founders\/","og_locale":"en_US","og_type":"article","og_title":"Agn\u00e8s Colmet Da\u00e2ge and Fran\u00e7oise By\u00e9 are the founders of the Confidents","og_description":"Agn\u00e8s Colmet Da\u00e2ge and Fran\u00e7oise By\u00e9 are the founders of Confidents, which promotes exceptional know-how to architects","og_url":"https:\/\/lesconfidents.com\/en\/the-founders\/","og_site_name":"Les Confidents","twitter_card":"summary_large_image","schema":{"@context":"https:\/\/schema.org","@graph":[{"@type":"WebPage","@id":"https:\/\/lesconfidents.com\/en\/the-founders\/","url":"https:\/\/lesconfidents.com\/en\/the-founders\/","name":"Agn\u00e8s Colmet Da\u00e2ge and Fran\u00e7oise By\u00e9 are the founders of the Confidents","isPartOf":{"@id":"https:\/\/lesconfidents.com\/fr\/les-confidents-materiaux-exclusifs-et-savoir-faire-dexception-pour-les-architectes-dinterieur\/#website"},"datePublished":"2016-09-05T08:56:21+00:00","description":"Agn\u00e8s Colmet Da\u00e2ge and Fran\u00e7oise By\u00e9 are the founders of Confidents, which promotes exceptional know-how to architects","breadcrumb":{"@id":"https:\/\/lesconfidents.com\/en\/the-founders\/#breadcrumb"},"inLanguage":"en-US","potentialAction":[{"@type":"ReadAction","target":["https:\/\/lesconfidents.com\/en\/the-founders\/"]}]},{"@type":"BreadcrumbList","@id":"https:\/\/lesconfidents.com\/en\/the-founders\/#breadcrumb","itemListElement":[{"@type":"ListItem","position":1,"name":"Home","item":"https:\/\/lesconfidents.com\/"},{"@type":"ListItem","position":2,"name":"The founders"}]},{"@type":"WebSite","@id":"https:\/\/lesconfidents.com\/fr\/les-confidents-materiaux-exclusifs-et-savoir-faire-dexception-pour-les-architectes-dinterieur\/#website","url":"https:\/\/lesconfidents.com\/fr\/les-confidents-materiaux-exclusifs-et-savoir-faire-dexception-pour-les-architectes-dinterieur\/","name":"Les Confidents","description":"Connecting you with the finest materials and beyond","potentialAction":[{"@type":"SearchAction","target":{"@type":"EntryPoint","urlTemplate":"https:\/\/lesconfidents.com\/fr\/les-confidents-materiaux-exclusifs-et-savoir-faire-dexception-pour-les-architectes-dinterieur\/?s={search_term_string}"},"query-input":{"@type":"PropertyValueSpecification","valueRequired":true,"valueName":"search_term_string"}}],"inLanguage":"en-US"}]}},"_links":{"self":[{"href":"https:\/\/lesconfidents.com\/en\/wp-json\/wp\/v2\/pages\/22894","targetHints":{"allow":["GET"]}}],"collection":[{"href":"https:\/\/lesconfidents.com\/en\/wp-json\/wp\/v2\/pages"}],"about":[{"href":"https:\/\/lesconfidents.com\/en\/wp-json\/wp\/v2\/types\/page"}],"author":[{"embeddable":true,"href":"https:\/\/lesconfidents.com\/en\/wp-json\/wp\/v2\/users\/3"}],"replies":[{"embeddable":true,"href":"https:\/\/lesconfidents.com\/en\/wp-json\/wp\/v2\/comments?post=22894"}],"version-history":[{"count":0,"href":"https:\/\/lesconfidents.com\/en\/wp-json\/wp\/v2\/pages\/22894\/revisions"}],"wp:attachment":[{"href":"https:\/\/lesconfidents.com\/en\/wp-json\/wp\/v2\/media?parent=22894"}],"curies":[{"name":"wp","href":"https:\/\/api.w.org\/{rel}","templated":true}]}}